{"id":292,"date":"2025-04-14T08:31:34","date_gmt":"2025-04-14T08:31:34","guid":{"rendered":"https:\/\/www.e-studio.fi\/?page_id=292"},"modified":"2025-04-23T09:11:17","modified_gmt":"2025-04-23T09:11:17","slug":"etusivu","status":"publish","type":"page","link":"http:\/\/www.e-studio.fi\/en\/","title":{"rendered":"Front page"},"content":{"rendered":"<style>.kb-row-layout-id292_cbf4e1-32 > .kt-row-column-wrap{align-content:start;}:where(.kb-row-layout-id292_cbf4e1-32 > .kt-row-column-wrap) > .wp-block-kadence-column{justify-content:start;}.kb-row-layout-id292_cbf4e1-32 > .kt-row-column-wrap{column-gap:var(--global-kb-gap-md, 2rem);row-gap:var(--global-kb-gap-none, 0rem );padding-top:0px;padding-right:0px;padding-bottom:0px;padding-left:0px;grid-template-columns:minmax(0, 1fr);}.kb-row-layout-id292_cbf4e1-32 > .kt-row-layout-overlay{opacity:0.30;}@media all and (min-width: 1025px){.kb-row-layout-id292_cbf4e1-32{display:none !important;}}@media all and (max-width: 1024px){.kb-row-layout-id292_cbf4e1-32 > .kt-row-column-wrap{grid-template-columns:minmax(0, 1fr);}}@media all and (min-width: 768px) and (max-width: 1024px){.kb-row-layout-id292_cbf4e1-32{display:none !important;}}@media all and (max-width: 767px){.kb-row-layout-id292_cbf4e1-32 > .kt-row-column-wrap{grid-template-columns:minmax(0, 1fr);}.kb-row-layout-id292_cbf4e1-32{display:none !important;}}<\/style><div class=\"kb-row-layout-wrap kb-row-layout-id292_cbf4e1-32 alignfull kb-v-lg-hidden kb-v-md-hidden kb-v-sm-hidden wp-block-kadence-rowlayout\"><div class=\"kt-row-column-wrap kt-has-1-columns kt-row-layout-equal kt-tab-layout-inherit kt-mobile-layout-row kt-row-valign-top\">\n<style>.kadence-column292_5b0e2e-40 > .kt-inside-inner-col,.kadence-column292_5b0e2e-40 > .kt-inside-inner-col:before{border-top-left-radius:0px;border-top-right-radius:0px;border-bottom-right-radius:0px;border-bottom-left-radius:0px;}.kadence-column292_5b0e2e-40 > .kt-inside-inner-col{column-gap:var(--global-kb-gap-sm, 1rem);}.kadence-column292_5b0e2e-40 > .kt-inside-inner-col{flex-direction:column;}.kadence-column292_5b0e2e-40 > .kt-inside-inner-col > .aligncenter{width:100%;}.kadence-column292_5b0e2e-40 > .kt-inside-inner-col:before{opacity:0.3;}.kadence-column292_5b0e2e-40{position:relative;}@media all and (max-width: 1024px){.kadence-column292_5b0e2e-40 > .kt-inside-inner-col{flex-direction:column;justify-content:center;}}@media all and (max-width: 767px){.kadence-column292_5b0e2e-40 > .kt-inside-inner-col{flex-direction:column;justify-content:center;}}<\/style>\n<div class=\"wp-block-kadence-column kadence-column292_5b0e2e-40\"><div class=\"kt-inside-inner-col\">\n<iframe loading=\"lazy\" width=\"100%\" height=\"615\" src=\"https:\/\/www.youtube.com\/embed\/4AK0-EukWBM?si=y8cHuEKiXmTWHMY6&amp;controls=0&#038;autoplay=1&#038;mute=1&#038;loop=1\" title=\"E-Studio\" frameborder=\"0\" allow=\"accelerometer; autoplay; clipboard-write; encrypted-media; gyroscope; picture-in-picture; web-share\" referrerpolicy=\"strict-origin-when-cross-origin\" allowfullscreen><\/iframe>\n<\/div><\/div>\n\n<\/div><\/div>\n\n<style>.kb-row-layout-id292_4d7ddd-9d > .kt-row-column-wrap{align-content:start;}:where(.kb-row-layout-id292_4d7ddd-9d > .kt-row-column-wrap) > .wp-block-kadence-column{justify-content:start;}.kb-row-layout-id292_4d7ddd-9d > .kt-row-column-wrap{column-gap:var(--global-kb-gap-md, 2rem);row-gap:var(--global-kb-gap-md, 2rem);padding-top:var(--global-kb-spacing-sm, 1.5rem);padding-bottom:var(--global-kb-spacing-sm, 1.5rem);grid-template-columns:minmax(0, 1fr);}.kb-row-layout-id292_4d7ddd-9d > .kt-row-layout-overlay{opacity:0.30;}@media all and (max-width: 1024px){.kb-row-layout-id292_4d7ddd-9d > .kt-row-column-wrap{grid-template-columns:minmax(0, 1fr);}}@media all and (max-width: 767px){.kb-row-layout-id292_4d7ddd-9d > .kt-row-column-wrap{grid-template-columns:minmax(0, 1fr);}}<\/style><div class=\"kb-row-layout-wrap kb-row-layout-id292_4d7ddd-9d alignfull wp-block-kadence-rowlayout\"><div class=\"kt-row-column-wrap kt-has-1-columns kt-row-layout-equal kt-tab-layout-inherit kt-mobile-layout-row kt-row-valign-top\">\n<style>.kadence-column292_62547c-5d > .kt-inside-inner-col,.kadence-column292_62547c-5d > .kt-inside-inner-col:before{border-top-left-radius:0px;border-top-right-radius:0px;border-bottom-right-radius:0px;border-bottom-left-radius:0px;}.kadence-column292_62547c-5d > .kt-inside-inner-col{column-gap:var(--global-kb-gap-sm, 1rem);}.kadence-column292_62547c-5d > .kt-inside-inner-col{flex-direction:column;}.kadence-column292_62547c-5d > .kt-inside-inner-col > .aligncenter{width:100%;}.kadence-column292_62547c-5d > .kt-inside-inner-col:before{opacity:0.3;}.kadence-column292_62547c-5d{position:relative;}@media all and (max-width: 1024px){.kadence-column292_62547c-5d > .kt-inside-inner-col{flex-direction:column;justify-content:center;}}@media all and (max-width: 767px){.kadence-column292_62547c-5d > .kt-inside-inner-col{flex-direction:column;justify-content:center;}}<\/style>\n<div class=\"wp-block-kadence-column kadence-column292_62547c-5d\"><div class=\"kt-inside-inner-col\"><figure class=\"wp-block-embed wp-block-embed-youtube is-type-video is-provider-youtube epyt-figure\"><div class=\"wp-block-embed__wrapper\"><div class=\"epyt-video-wrapper\"><div  id=\"_ytid_95058\"  width=\"1290\" height=\"725\"  data-origwidth=\"1290\" data-origheight=\"725\" data-facadesrc=\"https:\/\/www.youtube.com\/embed\/4AK0-EukWBM?enablejsapi=1&#038;autoplay=1&#038;cc_load_policy=0&#038;cc_lang_pref=&#038;iv_load_policy=3&#038;loop=1&#038;playlist=4AK0-EukWBM&#038;rel=-1&#038;fs=0&#038;playsinline=0&#038;autohide=2&#038;theme=dark&#038;color=red&#038;controls=1&#038;\" class=\"__youtube_prefs__ epyt-facade no-lazyload\" data-epautoplay=\"1\" ><img decoding=\"async\" data-spai-excluded=\"true\" class=\"epyt-facade-poster skip-lazy\" loading=\"lazy\"  alt=\"YouTube player\"  src=\"https:\/\/i.ytimg.com\/vi\/4AK0-EukWBM\/maxresdefault.jpg\"  \/><button class=\"epyt-facade-play\" aria-label=\"Play\"><svg data-no-lazy=\"1\" height=\"100%\" version=\"1.1\" viewBox=\"0 0 68 48\" width=\"100%\"><path class=\"ytp-large-play-button-bg\" d=\"M66.52,7.74c-0.78-2.93-2.49-5.41-5.42-6.19C55.79,.13,34,0,34,0S12.21,.13,6.9,1.55 C3.97,2.33,2.27,4.81,1.48,7.74C0.06,13.05,0,24,0,24s0.06,10.95,1.48,16.26c0.78,2.93,2.49,5.41,5.42,6.19 C12.21,47.87,34,48,34,48s21.79-0.13,27.1-1.55c2.93-0.78,4.64-3.26,5.42-6.19C67.94,34.95,68,24,68,24S67.94,13.05,66.52,7.74z\" fill=\"#f00\"><\/path><path d=\"M 45,24 27,14 27,34\" fill=\"#fff\"><\/path><\/svg><\/button><\/div><\/div><\/div><\/figure><\/div><\/div>\n\n<\/div><\/div>\n\n<style>.kb-row-layout-id292_e7c726-6c > .kt-row-column-wrap{align-content:start;}:where(.kb-row-layout-id292_e7c726-6c > .kt-row-column-wrap) > .wp-block-kadence-column{justify-content:start;}.kb-row-layout-id292_e7c726-6c > .kt-row-column-wrap{column-gap:var(--global-kb-gap-md, 2rem);row-gap:var(--global-kb-gap-md, 2rem);padding-top:var(--global-kb-spacing-sm, 1.5rem);padding-bottom:var(--global-kb-spacing-3xl, 6.5rem);grid-template-columns:minmax(0, 1fr);}.kb-row-layout-id292_e7c726-6c > .kt-row-layout-overlay{opacity:0.30;}@media all and (max-width: 1024px){.kb-row-layout-id292_e7c726-6c > .kt-row-column-wrap{grid-template-columns:minmax(0, 1fr);}}@media all and (max-width: 767px){.kb-row-layout-id292_e7c726-6c > .kt-row-column-wrap{grid-template-columns:minmax(0, 1fr);}}<\/style><div class=\"kb-row-layout-wrap kb-row-layout-id292_e7c726-6c alignnone wp-block-kadence-rowlayout\"><div class=\"kt-row-column-wrap kt-has-1-columns kt-row-layout-equal kt-tab-layout-inherit kt-mobile-layout-row kt-row-valign-top\">\n<style>.kadence-column292_e23a89-4c > .kt-inside-inner-col,.kadence-column292_e23a89-4c > .kt-inside-inner-col:before{border-top-left-radius:0px;border-top-right-radius:0px;border-bottom-right-radius:0px;border-bottom-left-radius:0px;}.kadence-column292_e23a89-4c > .kt-inside-inner-col{column-gap:var(--global-kb-gap-sm, 1rem);}.kadence-column292_e23a89-4c > .kt-inside-inner-col{flex-direction:column;}.kadence-column292_e23a89-4c > .kt-inside-inner-col > .aligncenter{width:100%;}.kadence-column292_e23a89-4c > .kt-inside-inner-col:before{opacity:0.3;}.kadence-column292_e23a89-4c{position:relative;}@media all and (max-width: 1024px){.kadence-column292_e23a89-4c > .kt-inside-inner-col{flex-direction:column;justify-content:center;}}@media all and (max-width: 767px){.kadence-column292_e23a89-4c > .kt-inside-inner-col{flex-direction:column;justify-content:center;}}<\/style>\n<div class=\"wp-block-kadence-column kadence-column292_e23a89-4c\"><div class=\"kt-inside-inner-col\"><style>.wp-block-kadence-spacer.kt-block-spacer-292_47d3db-a1 .kt-block-spacer{height:6px;}.wp-block-kadence-spacer.kt-block-spacer-292_47d3db-a1 .kt-divider{border-top-width:4px;border-top-color:#f7cb00;width:9%;border-top-style:solid;}<\/style>\n<div class=\"wp-block-kadence-spacer aligncenter kt-block-spacer-292_47d3db-a1\"><div class=\"kt-block-spacer kt-block-spacer-halign-center\"><hr class=\"kt-divider\"\/><\/div><\/div>\n\n\n\n<h1 class=\"wp-block-heading has-text-align-center\">E-Studio<\/h1>\n\n\n\n<p class=\"has-text-align-center\">E-Studio is one of the leading recording studios in Finland. Studio resides in the heart of the Sipoo countryside \u2013 only 30 min drive away from the Helsinki city centre.<\/p>\n\n\n\n<p class=\"has-text-align-center\">The studio was founded in 2004 and originally operated in Kaapelitehdas and later in Pit\u00e4j\u00e4nm\u00e4ki \u2013 Helsinki.<\/p>\n\n\n\n<p class=\"has-text-align-center\">In 2018 the new fully renovated 400m2 studio facility was opened in Sipoo and is located in the premise of Lindn\u00e4s \u2013 originally founded in 1734.<\/p>\n<\/div><\/div>\n\n<\/div><\/div>","protected":false},"excerpt":{"rendered":"<p>E-Studio E-Studio is one of the leading recording studios in Finland. Studio resides in the heart of the Sipoo countryside \u2013 only 30 min drive away from the Helsinki city centre. The studio was founded in 2004 and originally operated in Kaapelitehdas and later in Pit\u00e4j\u00e4nm\u00e4ki \u2013 Helsinki. In 2018 the new fully renovated 400m2&#8230;<\/p>\n","protected":false},"author":1,"featured_media":0,"parent":0,"menu_order":0,"comment_status":"closed","ping_status":"closed","template":"","meta":{"_kad_blocks_custom_css":"","_kad_blocks_head_custom_js":"","_kad_blocks_body_custom_js":"","_kad_blocks_footer_custom_js":"","_kad_post_transparent":"","_kad_post_title":"","_kad_post_layout":"","_kad_post_sidebar_id":"","_kad_post_content_style":"","_kad_post_vertical_padding":"","_kad_post_feature":"","_kad_post_feature_position":"","_kad_post_header":false,"_kad_post_footer":false,"footnotes":""},"class_list":["post-292","page","type-page","status-publish","hentry"],"taxonomy_info":[],"featured_image_src_large":false,"author_info":{"display_name":"admin","author_link":"http:\/\/www.e-studio.fi\/en\/author\/admin\/"},"comment_info":0,"_links":{"self":[{"href":"http:\/\/www.e-studio.fi\/en\/wp-json\/wp\/v2\/pages\/292","targetHints":{"allow":["GET"]}}],"collection":[{"href":"http:\/\/www.e-studio.fi\/en\/wp-json\/wp\/v2\/pages"}],"about":[{"href":"http:\/\/www.e-studio.fi\/en\/wp-json\/wp\/v2\/types\/page"}],"author":[{"embeddable":true,"href":"http:\/\/www.e-studio.fi\/en\/wp-json\/wp\/v2\/users\/1"}],"replies":[{"embeddable":true,"href":"http:\/\/www.e-studio.fi\/en\/wp-json\/wp\/v2\/comments?post=292"}],"version-history":[{"count":2,"href":"http:\/\/www.e-studio.fi\/en\/wp-json\/wp\/v2\/pages\/292\/revisions"}],"predecessor-version":[{"id":294,"href":"http:\/\/www.e-studio.fi\/en\/wp-json\/wp\/v2\/pages\/292\/revisions\/294"}],"wp:attachment":[{"href":"http:\/\/www.e-studio.fi\/en\/wp-json\/wp\/v2\/media?parent=292"}],"curies":[{"name":"wp","href":"https:\/\/api.w.org\/{rel}","templated":true}]}}