{"id":326,"date":"2025-04-22T12:49:43","date_gmt":"2025-04-22T12:49:43","guid":{"rendered":"https:\/\/www.e-studio.fi\/?page_id=326"},"modified":"2025-04-23T11:16:52","modified_gmt":"2025-04-23T11:16:52","slug":"jyri-riikonen","status":"publish","type":"page","link":"https:\/\/www.e-studio.fi\/en\/contact\/jyri-riikonen\/","title":{"rendered":"Jyri Riikonen"},"content":{"rendered":"<style>.kb-row-layout-id326_a6e34d-6a > .kt-row-column-wrap{align-content:start;}:where(.kb-row-layout-id326_a6e34d-6a > .kt-row-column-wrap) > .wp-block-kadence-column{justify-content:start;}.kb-row-layout-id326_a6e34d-6a > .kt-row-column-wrap{column-gap:var(--global-kb-gap-md, 2rem);row-gap:var(--global-kb-gap-md, 2rem);padding-top:var(--global-kb-spacing-xxl, 5rem);padding-bottom:var(--global-kb-spacing-xxl, 5rem);grid-template-columns:repeat(2, minmax(0, 1fr));}.kb-row-layout-id326_a6e34d-6a > .kt-row-layout-overlay{opacity:0.30;}@media all and (max-width: 1024px){.kb-row-layout-id326_a6e34d-6a > .kt-row-column-wrap{grid-template-columns:repeat(2, minmax(0, 1fr));}}@media all and (max-width: 767px){.kb-row-layout-id326_a6e34d-6a > .kt-row-column-wrap{grid-template-columns:minmax(0, 1fr);}}<\/style><div class=\"kb-row-layout-wrap kb-row-layout-id326_a6e34d-6a alignnone wp-block-kadence-rowlayout\"><div class=\"kt-row-column-wrap kt-has-2-columns kt-row-layout-equal kt-tab-layout-inherit kt-mobile-layout-row kt-row-valign-top\">\n<style>.kadence-column326_bab037-a6 > .kt-inside-inner-col,.kadence-column326_bab037-a6 > .kt-inside-inner-col:before{border-top-left-radius:0px;border-top-right-radius:0px;border-bottom-right-radius:0px;border-bottom-left-radius:0px;}.kadence-column326_bab037-a6 > .kt-inside-inner-col{column-gap:var(--global-kb-gap-sm, 1rem);}.kadence-column326_bab037-a6 > .kt-inside-inner-col{flex-direction:column;}.kadence-column326_bab037-a6 > .kt-inside-inner-col > .aligncenter{width:100%;}.kadence-column326_bab037-a6 > .kt-inside-inner-col:before{opacity:0.3;}.kadence-column326_bab037-a6{position:relative;}@media all and (max-width: 1024px){.kadence-column326_bab037-a6 > .kt-inside-inner-col{flex-direction:column;justify-content:center;}}@media all and (max-width: 767px){.kadence-column326_bab037-a6 > .kt-inside-inner-col{flex-direction:column;justify-content:center;}}<\/style>\n<div class=\"wp-block-kadence-column kadence-column326_bab037-a6\"><div class=\"kt-inside-inner-col\">\n<figure class=\"wp-block-image size-large\"><img decoding=\"async\" width=\"683\" height=\"1024\" src=\"https:\/\/www.e-studio.fi\/wp-content\/uploads\/2025\/04\/jyririikonen-683x1024.jpg\" alt=\"\" class=\"wp-image-186\" srcset=\"https:\/\/www.e-studio.fi\/wp-content\/uploads\/2025\/04\/jyririikonen-683x1024.jpg 683w, https:\/\/www.e-studio.fi\/wp-content\/uploads\/2025\/04\/jyririikonen-200x300.jpg 200w, https:\/\/www.e-studio.fi\/wp-content\/uploads\/2025\/04\/jyririikonen-768x1151.jpg 768w, https:\/\/www.e-studio.fi\/wp-content\/uploads\/2025\/04\/jyririikonen-1025x1536.jpg 1025w, https:\/\/www.e-studio.fi\/wp-content\/uploads\/2025\/04\/jyririikonen.jpg 1067w\" sizes=\"(max-width: 683px) 100vw, 683px\" \/><\/figure>\n<\/div><\/div>\n\n\n<style>.kadence-column326_8b8ce7-15 > .kt-inside-inner-col,.kadence-column326_8b8ce7-15 > .kt-inside-inner-col:before{border-top-left-radius:0px;border-top-right-radius:0px;border-bottom-right-radius:0px;border-bottom-left-radius:0px;}.kadence-column326_8b8ce7-15 > .kt-inside-inner-col{column-gap:var(--global-kb-gap-sm, 1rem);}.kadence-column326_8b8ce7-15 > .kt-inside-inner-col{flex-direction:column;}.kadence-column326_8b8ce7-15 > .kt-inside-inner-col > .aligncenter{width:100%;}.kadence-column326_8b8ce7-15 > .kt-inside-inner-col:before{opacity:0.3;}.kadence-column326_8b8ce7-15{position:relative;}@media all and (max-width: 1024px){.kadence-column326_8b8ce7-15 > .kt-inside-inner-col{flex-direction:column;justify-content:center;}}@media all and (max-width: 767px){.kadence-column326_8b8ce7-15 > .kt-inside-inner-col{flex-direction:column;justify-content:center;}}<\/style>\n<div class=\"wp-block-kadence-column kadence-column326_8b8ce7-15\"><div class=\"kt-inside-inner-col\"><style>.kb-row-layout-id326_73c38b-5b > .kt-row-column-wrap{align-content:start;}:where(.kb-row-layout-id326_73c38b-5b > .kt-row-column-wrap) > .wp-block-kadence-column{justify-content:start;}.kb-row-layout-id326_73c38b-5b > .kt-row-column-wrap{column-gap:var(--global-kb-gap-md, 2rem);row-gap:var(--global-kb-gap-md, 2rem);padding-top:var(--global-kb-spacing-sm, 1.5rem);padding-bottom:var(--global-kb-spacing-sm, 1.5rem);grid-template-columns:minmax(0, 1fr);}.kb-row-layout-id326_73c38b-5b > .kt-row-layout-overlay{opacity:0.30;}@media all and (max-width: 1024px){.kb-row-layout-id326_73c38b-5b > .kt-row-column-wrap{grid-template-columns:minmax(0, 1fr);}}@media all and (max-width: 767px){.kb-row-layout-id326_73c38b-5b > .kt-row-column-wrap{grid-template-columns:minmax(0, 1fr);}}<\/style><div class=\"kb-row-layout-wrap kb-row-layout-id326_73c38b-5b alignnone wp-block-kadence-rowlayout\"><div class=\"kt-row-column-wrap kt-has-1-columns kt-row-layout-equal kt-tab-layout-inherit kt-mobile-layout-row kt-row-valign-top\">\n<style>.kadence-column326_202034-e1 > .kt-inside-inner-col{padding-top:var(--global-kb-spacing-md, 2rem);padding-left:var(--global-kb-spacing-lg, 3rem);}.kadence-column326_202034-e1 > .kt-inside-inner-col,.kadence-column326_202034-e1 > .kt-inside-inner-col:before{border-top-left-radius:0px;border-top-right-radius:0px;border-bottom-right-radius:0px;border-bottom-left-radius:0px;}.kadence-column326_202034-e1 > .kt-inside-inner-col{column-gap:var(--global-kb-gap-sm, 1rem);}.kadence-column326_202034-e1 > .kt-inside-inner-col{flex-direction:column;}.kadence-column326_202034-e1 > .kt-inside-inner-col > .aligncenter{width:100%;}.kadence-column326_202034-e1 > .kt-inside-inner-col:before{opacity:0.3;}.kadence-column326_202034-e1{position:relative;}@media all and (max-width: 1024px){.kadence-column326_202034-e1 > .kt-inside-inner-col{flex-direction:column;justify-content:center;}}@media all and (max-width: 767px){.kadence-column326_202034-e1 > .kt-inside-inner-col{padding-left:var(--global-kb-spacing-xs, 1rem);flex-direction:column;justify-content:center;}}<\/style>\n<div class=\"wp-block-kadence-column kadence-column326_202034-e1\"><div class=\"kt-inside-inner-col\"><style>.wp-block-kadence-spacer.kt-block-spacer-326_d732eb-31 .kt-block-spacer{height:6px;}.wp-block-kadence-spacer.kt-block-spacer-326_d732eb-31 .kt-divider{border-top-width:4px;border-top-color:#f7cb00;width:15%;border-top-style:solid;}<\/style>\n<div class=\"wp-block-kadence-spacer aligncenter kt-block-spacer-326_d732eb-31\"><div class=\"kt-block-spacer kt-block-spacer-halign-left\"><hr class=\"kt-divider\"\/><\/div><\/div>\n\n\n\n<h1 class=\"wp-block-heading\">Jyri Riikonen<\/h1>\n\n\n\n<p><strong><strong>Studio Manager, mixer, sound engineer and a music producer<\/strong><\/strong><\/p>\n\n\n\n<p>Jyri Riikonen was born 1972 in Lappeenranta.<\/p>\n\n\n\n<p>Jyri has been a musician, producer, recorder and a sound technician since the end of 80\u2019s. Jyri began his career in music in the end of 80\u2019s and beginning of 90\u2019s in Lappeenranta\u2019s virile music scene. As he moved to Helsinki in mid 90\u2019s Jyri started as a producer and a sound engineer first as a freelancer and later as the house engineer in Seawolf Studios.<\/p>\n\n\n\n<p>In 2005 E-Studio was founded and Jyri was hired as a Studio Manager. In 2010 E-Studio moved from Kaapelitehdas to Pit\u00e4j\u00e4nm\u00e4ki. The premises were preciously inhabited by the legendary Soundtrack-studios. Jyri\u2019s career includes over 150 albums \/ singles, including \u201cEt Ole Yksin\u201d (double-platinum seller) by J.Karjalainen.ta.<\/p>\n<\/div><\/div>\n\n<\/div><\/div><\/div><\/div>\n\n<\/div><\/div>","protected":false},"excerpt":{"rendered":"<p>Jyri Riikonen Studio Manager, mixer, sound engineer and a music producer Jyri Riikonen was born 1972 in Lappeenranta. Jyri has been a musician, producer, recorder and a sound technician since the end of 80\u2019s. Jyri began his career in music in the end of 80\u2019s and beginning of 90\u2019s in Lappeenranta\u2019s virile music scene. As&#8230;<\/p>\n","protected":false},"author":1,"featured_media":0,"parent":322,"menu_order":0,"comment_status":"closed","ping_status":"closed","template":"","meta":{"_kad_blocks_custom_css":"","_kad_blocks_head_custom_js":"","_kad_blocks_body_custom_js":"","_kad_blocks_footer_custom_js":"","_kad_post_transparent":"","_kad_post_title":"","_kad_post_layout":"","_kad_post_sidebar_id":"","_kad_post_content_style":"","_kad_post_vertical_padding":"","_kad_post_feature":"","_kad_post_feature_position":"","_kad_post_header":false,"_kad_post_footer":false,"_kad_post_classname":"","footnotes":""},"class_list":["post-326","page","type-page","status-publish","hentry"],"taxonomy_info":[],"featured_image_src_large":false,"author_info":{"display_name":"Maija Luomala","author_link":"https:\/\/www.e-studio.fi\/en\/author\/admin\/"},"comment_info":0,"_links":{"self":[{"href":"https:\/\/www.e-studio.fi\/en\/wp-json\/wp\/v2\/pages\/326","targetHints":{"allow":["GET"]}}],"collection":[{"href":"https:\/\/www.e-studio.fi\/en\/wp-json\/wp\/v2\/pages"}],"about":[{"href":"https:\/\/www.e-studio.fi\/en\/wp-json\/wp\/v2\/types\/page"}],"author":[{"embeddable":true,"href":"https:\/\/www.e-studio.fi\/en\/wp-json\/wp\/v2\/users\/1"}],"replies":[{"embeddable":true,"href":"https:\/\/www.e-studio.fi\/en\/wp-json\/wp\/v2\/comments?post=326"}],"version-history":[{"count":0,"href":"https:\/\/www.e-studio.fi\/en\/wp-json\/wp\/v2\/pages\/326\/revisions"}],"up":[{"embeddable":true,"href":"https:\/\/www.e-studio.fi\/en\/wp-json\/wp\/v2\/pages\/322"}],"wp:attachment":[{"href":"https:\/\/www.e-studio.fi\/en\/wp-json\/wp\/v2\/media?parent=326"}],"curies":[{"name":"wp","href":"https:\/\/api.w.org\/{rel}","templated":true}]}}